{"id":23,"date":"2020-11-04T17:00:09","date_gmt":"2020-11-04T16:00:09","guid":{"rendered":"https:\/\/les-egle.fr\/?page_id=23"},"modified":"2023-03-06T21:11:28","modified_gmt":"2023-03-06T20:11:28","slug":"accueil","status":"publish","type":"page","link":"https:\/\/lesegles.org\/","title":{"rendered":"Accueil"},"content":{"rendered":"\n<p class=\"has-text-align-left\"><a href=\"https:\/\/lesegles.org\/?p=686\"><strong><span class=\"has-inline-color has-luminous-vivid-amber-color\">Notre livre blanc est disponible !<\/span><\/strong><\/a><br><a href=\"https:\/\/lesegles.org\/?p=678\"><strong><span class=\"has-inline-color has-vivid-cyan-blue-color\">La synth\u00e8se du livre blanc est d\u00e9sormais disponible !<\/span><\/strong><\/a><br><a href=\"https:\/\/lesegles.org\/?cat=5\"><strong><span class=\"has-inline-color has-vivid-green-cyan-color\">Retrouvez tous les lives des trois weekend en replay !<\/span><\/strong><\/a><strong><span class=\"has-inline-color has-luminous-vivid-orange-color\"><\/span><\/strong><\/p>\n\n\n\n<p class=\"has-drop-cap\">Les \u00e9tats g\u00e9n\u00e9raux de la libert\u00e9 \u00e9ducative (EGLE) d\u00e9marreront le <strong>vendredi 13 novembre<\/strong> 2020 avec une soir\u00e9e d\u2019ouverture pour pr\u00e9senter l\u2019\u00e9v\u00e9nement, ce qui l\u2019a motiv\u00e9, son d\u00e9roulement et son programme.<\/p>\n\n\n\n<p>Les EGLE sont un <strong>\u00e9v\u00e9nement 100 % en ligne<\/strong> qui sera diffus\u00e9 en continu, <em>les samedis de 10h \u00e0 22h et les dimanches de 10h \u00e0 20h<\/em>.<\/p>\n\n\n\n<p>Il consiste, d\u2019une part, en trois week-ends de conf\u00e9rences, entretiens, d\u00e9bats en ligne auxquels seront convi\u00e9s divers intervenant.e.s (professionnels de l\u2019\u00e9ducation, chercheurs, repr\u00e9sentants d\u2019associations, parents et, surtout, enfants !) et, d\u2019autre part, en un <strong><a href=\"http:\/\/agora.les-egle.fr\" target=\"_blank\" rel=\"noreferrer noopener\">forum public <\/a><\/strong>ouvert o\u00f9 chacun.e pourra d\u00e9poser un commentaire, un point de vue, un t\u00e9moignage, une question.\u2800<\/p>\n\n\n\n<p>Le second temps fort des EGLE est la <strong>remise aux parlementaires d\u2019un \u00ab <a href=\"https:\/\/lesegles.org\/?p=686\">livre blanc<\/a> \u00bb<\/strong> issu d\u2019une synth\u00e8se des d\u00e9bats que les EGLE auront suscit\u00e9s.<\/p>\n\n\n\n<p>Tous les d\u00e9bats seront diffus\u00e9s en direct simultan\u00e9ment sur <strong><em><a href=\"https:\/\/www.youtube.com\/channel\/UCvZMqiDUZtYERzzE7EyrlfQ\">Youtube <\/a><\/em><\/strong>et <strong><em><a href=\"https:\/\/www.facebook.com\/EGLE-%C3%89tats-G%C3%A9n%C3%A9raux-de-la-Libert%C3%A9-%C3%89ducative-109845660915645\" target=\"_blank\" rel=\"noreferrer noopener\">Facebook<\/a><\/em><\/strong>, et leurs Replay seront \u00e9galement accessibles sur ces m\u00eames pages par la suite :<\/p>\n\n\n\n<div class=\"wp-block-image\"><figure class=\"aligncenter size-large is-resized\"><a href=\"https:\/\/www.youtube.com\/channel\/UCvZMqiDUZtYERzzE7EyrlfQ\"><img loading=\"lazy\" src=\"https:\/\/les-egle.fr\/wp-content\/uploads\/2020\/11\/download.png\" alt=\"\" class=\"wp-image-99\" width=\"176\" height=\"88\"\/><\/a><\/figure><\/div>\n\n\n\n<div class=\"wp-block-image\"><figure class=\"aligncenter size-large is-resized\"><a href=\"https:\/\/www.facebook.com\/EGLE-%C3%89tats-G%C3%A9n%C3%A9raux-de-la-Libert%C3%A9-%C3%89ducative-109845660915645\"><img loading=\"lazy\" src=\"https:\/\/les-egle.fr\/wp-content\/uploads\/2020\/11\/1280px-Facebook_Live.svg_-1024x357.png\" alt=\"\" class=\"wp-image-94\" width=\"128\" height=\"44\" srcset=\"https:\/\/lesegles.org\/wp-content\/uploads\/2020\/11\/1280px-Facebook_Live.svg_-1024x357.png 1024w, https:\/\/lesegles.org\/wp-content\/uploads\/2020\/11\/1280px-Facebook_Live.svg_-300x105.png 300w, https:\/\/lesegles.org\/wp-content\/uploads\/2020\/11\/1280px-Facebook_Live.svg_-768x268.png 768w, https:\/\/lesegles.org\/wp-content\/uploads\/2020\/11\/1280px-Facebook_Live.svg_.png 1280w\" sizes=\"(max-width: 128px) 100vw, 128px\" \/><\/a><\/figure><\/div>\n\n\n\n<figure class=\"wp-block-video\"><video controls src=\"https:\/\/les-egle.fr\/wp-content\/uploads\/2020\/11\/video-lancement-EGLE.mp4\"><\/video><\/figure>\n\n\n\n<p>Vid\u00e9o : lancement des EGLE<br>Cr\u00e9dits : <em>NonStopART<\/em> by <em>Mr. P{ink} &amp; Mr. BLU<\/em><br><span class=\"has-inline-color has-vivid-cyan-blue-color\">The P{ink}BLU Train {Your Brain}<\/span><br><a href=\"http:\/\/vimeo.com\/nonstopart\">vimeo.com\/nonstopart<\/a><\/p>\n","protected":false},"excerpt":{"rendered":"<p>Notre livre blanc est disponible !La synth\u00e8se du livre blanc est d\u00e9sormais disponible !Retrouvez tous les lives des trois weekend en replay ! Les \u00e9tats g\u00e9n\u00e9raux de la libert\u00e9 \u00e9ducative (EGLE) d\u00e9marreront le vendredi 13 novembre 2020 avec une soir\u00e9e d\u2019ouverture pour pr\u00e9senter l\u2019\u00e9v\u00e9nement, ce qui l\u2019a motiv\u00e9, son d\u00e9roulement et son programme. Les EGLE &hellip; <\/p>\n<p class=\"link-more\"><a href=\"https:\/\/lesegles.org\/\" class=\"more-link\">Continuer la lecture<span class=\"screen-reader-text\"> de &laquo;&nbsp;Accueil&nbsp;&raquo;<\/span><\/a><\/p>\n","protected":false},"author":1,"featured_media":0,"parent":0,"menu_order":0,"comment_status":"closed","ping_status":"closed","template":"","meta":[],"_links":{"self":[{"href":"https:\/\/lesegles.org\/index.php?rest_route=\/wp\/v2\/pages\/23"}],"collection":[{"href":"https:\/\/lesegles.org\/index.php?rest_route=\/wp\/v2\/pages"}],"about":[{"href":"https:\/\/lesegles.org\/index.php?rest_route=\/wp\/v2\/types\/page"}],"author":[{"embeddable":true,"href":"https:\/\/lesegles.org\/index.php?rest_route=\/wp\/v2\/users\/1"}],"replies":[{"embeddable":true,"href":"https:\/\/lesegles.org\/index.php?rest_route=%2Fwp%2Fv2%2Fcomments&post=23"}],"version-history":[{"count":44,"href":"https:\/\/lesegles.org\/index.php?rest_route=\/wp\/v2\/pages\/23\/revisions"}],"predecessor-version":[{"id":705,"href":"https:\/\/lesegles.org\/index.php?rest_route=\/wp\/v2\/pages\/23\/revisions\/705"}],"wp:attachment":[{"href":"https:\/\/lesegles.org\/index.php?rest_route=%2Fwp%2Fv2%2Fmedia&parent=23"}],"curies":[{"name":"wp","href":"https:\/\/api.w.org\/{rel}","templated":true}]}}